{"id":2,"date":"2021-01-19T00:00:25","date_gmt":"2021-01-19T00:00:25","guid":{"rendered":"https:\/\/tillmenzer.de\/?page_id=2"},"modified":"2024-11-04T14:23:02","modified_gmt":"2024-11-04T14:23:02","slug":"spielen-meine-bands-seite","status":"publish","type":"page","link":"https:\/\/tillmenzer.de\/index.php\/spielen-meine-bands-seite\/","title":{"rendered":"Der Musiker."},"content":{"rendered":"\n<p class=\"has-yellow-background-color has-background\" style=\"font-size:1px\"><\/p>\n\n\n\n<div class=\"wp-block-columns is-layout-flex wp-container-core-columns-is-layout-9d6595d7 wp-block-columns-is-layout-flex\">\n<div class=\"wp-block-column is-vertically-aligned-center is-layout-flow wp-block-column-is-layout-flow\">\n<div class=\"wp-block-cover\"><span aria-hidden=\"true\" class=\"wp-block-cover__background has-background-dim\"><\/span><img loading=\"lazy\" decoding=\"async\" width=\"1024\" height=\"768\" class=\"wp-block-cover__image-background wp-image-395\" alt=\"\" src=\"https:\/\/tillmenzer.de\/wp-content\/uploads\/2024\/10\/OpenExcessDesign.png\" style=\"object-position:50% 22%\" data-object-fit=\"cover\" data-object-position=\"50% 22%\" srcset=\"https:\/\/tillmenzer.de\/wp-content\/uploads\/2024\/10\/OpenExcessDesign.png 1024w, https:\/\/tillmenzer.de\/wp-content\/uploads\/2024\/10\/OpenExcessDesign-300x225.png 300w, https:\/\/tillmenzer.de\/wp-content\/uploads\/2024\/10\/OpenExcessDesign-768x576.png 768w, https:\/\/tillmenzer.de\/wp-content\/uploads\/2024\/10\/OpenExcessDesign-124x93.png 124w\" sizes=\"auto, (max-width: 1024px) 100vw, 1024px\" \/><div class=\"wp-block-cover__inner-container is-layout-flow wp-block-cover-is-layout-flow\">\n<p class=\"has-text-align-center has-large-font-size\"><a href=\"https:\/\/tillmenzer.de\/index.php\/open-excess\/\" data-type=\"page\" data-id=\"398\">Open Excess<\/a><\/p>\n<\/div><\/div>\n\n\n\n<div class=\"wp-block-columns is-layout-flex wp-container-core-columns-is-layout-9d6595d7 wp-block-columns-is-layout-flex\">\n<div class=\"wp-block-column is-layout-flow wp-block-column-is-layout-flow\">\n<div class=\"wp-block-cover\"><span aria-hidden=\"true\" class=\"wp-block-cover__background has-background-dim\"><\/span><img loading=\"lazy\" decoding=\"async\" width=\"1024\" height=\"681\" class=\"wp-block-cover__image-background wp-image-404\" alt=\"\" src=\"https:\/\/tillmenzer.de\/wp-content\/uploads\/2024\/10\/FLM_LivecPeterJacques-1-1024x681.jpg\" data-object-fit=\"cover\" srcset=\"https:\/\/tillmenzer.de\/wp-content\/uploads\/2024\/10\/FLM_LivecPeterJacques-1-1024x681.jpg 1024w, https:\/\/tillmenzer.de\/wp-content\/uploads\/2024\/10\/FLM_LivecPeterJacques-1-300x200.jpg 300w, https:\/\/tillmenzer.de\/wp-content\/uploads\/2024\/10\/FLM_LivecPeterJacques-1-768x511.jpg 768w, https:\/\/tillmenzer.de\/wp-content\/uploads\/2024\/10\/FLM_LivecPeterJacques-1-1536x1022.jpg 1536w, https:\/\/tillmenzer.de\/wp-content\/uploads\/2024\/10\/FLM_LivecPeterJacques-1.jpg 1920w\" sizes=\"auto, (max-width: 1024px) 100vw, 1024px\" \/><div class=\"wp-block-cover__inner-container is-layout-flow wp-block-cover-is-layout-flow\">\n<p class=\"has-text-align-center has-large-font-size\"><a href=\"https:\/\/tillmenzer.de\/index.php\/flm\/\" data-type=\"page\" data-id=\"403\">FL!M<\/a><\/p>\n<\/div><\/div>\n<\/div>\n<\/div>\n<\/div>\n<\/div>\n\n\n\n<div class=\"wp-block-columns is-layout-flex wp-container-core-columns-is-layout-9d6595d7 wp-block-columns-is-layout-flex\">\n<div class=\"wp-block-column is-layout-flow wp-block-column-is-layout-flow\">\n<div class=\"wp-block-cover aligncenter\"><span aria-hidden=\"true\" class=\"wp-block-cover__background has-background-dim\"><\/span><img loading=\"lazy\" decoding=\"async\" width=\"750\" height=\"750\" class=\"wp-block-cover__image-background wp-image-96\" alt=\"\" src=\"https:\/\/tillmenzer.de\/wp-content\/uploads\/2021\/01\/Coverfoto-1.jpg\" data-object-fit=\"cover\" srcset=\"https:\/\/tillmenzer.de\/wp-content\/uploads\/2021\/01\/Coverfoto-1.jpg 750w, https:\/\/tillmenzer.de\/wp-content\/uploads\/2021\/01\/Coverfoto-1-300x300.jpg 300w, https:\/\/tillmenzer.de\/wp-content\/uploads\/2021\/01\/Coverfoto-1-150x150.jpg 150w, https:\/\/tillmenzer.de\/wp-content\/uploads\/2021\/01\/Coverfoto-1-640x640.jpg 640w, https:\/\/tillmenzer.de\/wp-content\/uploads\/2021\/01\/Coverfoto-1-140x140.jpg 140w, https:\/\/tillmenzer.de\/wp-content\/uploads\/2021\/01\/Coverfoto-1-50x50.jpg 50w, https:\/\/tillmenzer.de\/wp-content\/uploads\/2021\/01\/Coverfoto-1-666x666.jpg 666w, https:\/\/tillmenzer.de\/wp-content\/uploads\/2021\/01\/Coverfoto-1-80x80.jpg 80w\" sizes=\"auto, (max-width: 750px) 100vw, 750px\" \/><div class=\"wp-block-cover__inner-container is-layout-flow wp-block-cover-is-layout-flow\">\n<p class=\"has-text-align-center has-large-font-size\"><a href=\"https:\/\/tillmenzer.de\/index.php\/spielen-meine-bands-seite\/horst-hansen-trio-seite\/\" data-type=\"page\" data-id=\"104\">Horst Hansen Trio<\/a><\/p>\n<\/div><\/div>\n\n\n\n<div class=\"wp-block-columns is-layout-flex wp-container-core-columns-is-layout-9d6595d7 wp-block-columns-is-layout-flex\">\n<div class=\"wp-block-column is-layout-flow wp-block-column-is-layout-flow\"><\/div>\n<\/div>\n<\/div>\n\n\n\n<div class=\"wp-block-column is-layout-flow wp-block-column-is-layout-flow\">\n<div class=\"wp-block-cover aligncenter\"><span aria-hidden=\"true\" class=\"wp-block-cover__background has-background-dim\"><\/span><img loading=\"lazy\" decoding=\"async\" width=\"1024\" height=\"724\" class=\"wp-block-cover__image-background wp-image-98\" alt=\"\" src=\"https:\/\/tillmenzer.de\/wp-content\/uploads\/2021\/01\/presse2018Provinz-1200x849-2-1024x724.jpg\" data-object-fit=\"cover\" srcset=\"https:\/\/tillmenzer.de\/wp-content\/uploads\/2021\/01\/presse2018Provinz-1200x849-2-1024x724.jpg 1024w, https:\/\/tillmenzer.de\/wp-content\/uploads\/2021\/01\/presse2018Provinz-1200x849-2-300x212.jpg 300w, https:\/\/tillmenzer.de\/wp-content\/uploads\/2021\/01\/presse2018Provinz-1200x849-2-768x543.jpg 768w, https:\/\/tillmenzer.de\/wp-content\/uploads\/2021\/01\/presse2018Provinz-1200x849-2.jpg 1200w\" sizes=\"auto, (max-width: 1024px) 100vw, 1024px\" \/><div class=\"wp-block-cover__inner-container is-layout-flow wp-block-cover-is-layout-flow\">\n<p class=\"has-text-align-center has-large-font-size\"><a href=\"https:\/\/tillmenzer.de\/index.php\/spielen-meine-bands-seite\/provinztheater-seite\/\" data-type=\"page\" data-id=\"115\">Provinztheater<\/a><\/p>\n<\/div><\/div>\n<\/div>\n\n\n\n<div class=\"wp-block-column is-layout-flow wp-block-column-is-layout-flow\">\n<div class=\"wp-block-cover aligncenter\"><span aria-hidden=\"true\" class=\"wp-block-cover__background has-background-dim\"><\/span><img loading=\"lazy\" decoding=\"async\" width=\"1024\" height=\"614\" class=\"wp-block-cover__image-background wp-image-74\" alt=\"\" src=\"https:\/\/tillmenzer.de\/wp-content\/uploads\/2021\/01\/Naheli-EPK-Ocean1-1024x614.jpg\" data-object-fit=\"cover\" srcset=\"https:\/\/tillmenzer.de\/wp-content\/uploads\/2021\/01\/Naheli-EPK-Ocean1-1024x614.jpg 1024w, https:\/\/tillmenzer.de\/wp-content\/uploads\/2021\/01\/Naheli-EPK-Ocean1-300x180.jpg 300w, https:\/\/tillmenzer.de\/wp-content\/uploads\/2021\/01\/Naheli-EPK-Ocean1-768x460.jpg 768w, https:\/\/tillmenzer.de\/wp-content\/uploads\/2021\/01\/Naheli-EPK-Ocean1-1536x920.jpg 1536w, https:\/\/tillmenzer.de\/wp-content\/uploads\/2021\/01\/Naheli-EPK-Ocean1-2048x1227.jpg 2048w\" sizes=\"auto, (max-width: 1024px) 100vw, 1024px\" \/><div class=\"wp-block-cover__inner-container is-layout-flow wp-block-cover-is-layout-flow\">\n<p class=\"has-text-align-center has-large-font-size\"><a href=\"https:\/\/tillmenzer.de\/index.php\/spielen-meine-bands-seite\/naheli\/\" data-type=\"page\" data-id=\"143\">Naheli<\/a><\/p>\n<\/div><\/div>\n\n\n\n<div class=\"wp-block-columns is-layout-flex wp-container-core-columns-is-layout-9d6595d7 wp-block-columns-is-layout-flex\">\n<div class=\"wp-block-column is-layout-flow wp-block-column-is-layout-flow\"><\/div>\n\n\n\n<div class=\"wp-block-column is-layout-flow wp-block-column-is-layout-flow\"><\/div>\n\n\n\n<div class=\"wp-block-column is-layout-flow wp-block-column-is-layout-flow\"><\/div>\n<\/div>\n<\/div>\n<\/div>\n\n\n\n<div class=\"wp-block-columns is-layout-flex wp-container-core-columns-is-layout-9d6595d7 wp-block-columns-is-layout-flex\">\n<div class=\"wp-block-column is-layout-flow wp-block-column-is-layout-flow\">\n<div class=\"wp-block-cover aligncenter\"><span aria-hidden=\"true\" class=\"wp-block-cover__background has-background-dim\"><\/span><img loading=\"lazy\" decoding=\"async\" width=\"1024\" height=\"825\" class=\"wp-block-cover__image-background wp-image-63\" alt=\"\" src=\"https:\/\/tillmenzer.de\/wp-content\/uploads\/2021\/01\/MondoMashup2018hq3MB-1024x825.jpg\" data-object-fit=\"cover\" srcset=\"https:\/\/tillmenzer.de\/wp-content\/uploads\/2021\/01\/MondoMashup2018hq3MB-1024x825.jpg 1024w, https:\/\/tillmenzer.de\/wp-content\/uploads\/2021\/01\/MondoMashup2018hq3MB-300x242.jpg 300w, https:\/\/tillmenzer.de\/wp-content\/uploads\/2021\/01\/MondoMashup2018hq3MB-768x619.jpg 768w, https:\/\/tillmenzer.de\/wp-content\/uploads\/2021\/01\/MondoMashup2018hq3MB.jpg 1500w\" sizes=\"auto, (max-width: 1024px) 100vw, 1024px\" \/><div class=\"wp-block-cover__inner-container is-layout-flow wp-block-cover-is-layout-flow\">\n<p class=\"has-text-align-center has-large-font-size\">Mondo<a href=\"https:\/\/tillmenzer.de\/index.php\/spielen-meine-bands-seite\/mondo-mashup\/\" data-type=\"page\" data-id=\"149\"> Mashup<\/a><\/p>\n<\/div><\/div>\n<\/div>\n\n\n\n<div class=\"wp-block-column is-layout-flow wp-block-column-is-layout-flow\">\n<div class=\"wp-block-cover aligncenter\"><span aria-hidden=\"true\" class=\"wp-block-cover__background has-background-dim\"><\/span><img loading=\"lazy\" decoding=\"async\" width=\"1024\" height=\"1024\" class=\"wp-block-cover__image-background wp-image-154\" alt=\"\" src=\"https:\/\/tillmenzer.de\/wp-content\/uploads\/2021\/01\/83908482_1967844520029076_2350103553437073408_o-1024x1024.jpg\" data-object-fit=\"cover\" srcset=\"https:\/\/tillmenzer.de\/wp-content\/uploads\/2021\/01\/83908482_1967844520029076_2350103553437073408_o-1024x1024.jpg 1024w, https:\/\/tillmenzer.de\/wp-content\/uploads\/2021\/01\/83908482_1967844520029076_2350103553437073408_o-300x300.jpg 300w, https:\/\/tillmenzer.de\/wp-content\/uploads\/2021\/01\/83908482_1967844520029076_2350103553437073408_o-150x150.jpg 150w, https:\/\/tillmenzer.de\/wp-content\/uploads\/2021\/01\/83908482_1967844520029076_2350103553437073408_o-768x768.jpg 768w, https:\/\/tillmenzer.de\/wp-content\/uploads\/2021\/01\/83908482_1967844520029076_2350103553437073408_o-1536x1536.jpg 1536w, https:\/\/tillmenzer.de\/wp-content\/uploads\/2021\/01\/83908482_1967844520029076_2350103553437073408_o-640x640.jpg 640w, https:\/\/tillmenzer.de\/wp-content\/uploads\/2021\/01\/83908482_1967844520029076_2350103553437073408_o-960x960.jpg 960w, https:\/\/tillmenzer.de\/wp-content\/uploads\/2021\/01\/83908482_1967844520029076_2350103553437073408_o-140x140.jpg 140w, https:\/\/tillmenzer.de\/wp-content\/uploads\/2021\/01\/83908482_1967844520029076_2350103553437073408_o-50x50.jpg 50w, https:\/\/tillmenzer.de\/wp-content\/uploads\/2021\/01\/83908482_1967844520029076_2350103553437073408_o-666x666.jpg 666w, https:\/\/tillmenzer.de\/wp-content\/uploads\/2021\/01\/83908482_1967844520029076_2350103553437073408_o-80x80.jpg 80w, https:\/\/tillmenzer.de\/wp-content\/uploads\/2021\/01\/83908482_1967844520029076_2350103553437073408_o.jpg 1916w\" sizes=\"auto, (max-width: 1024px) 100vw, 1024px\" \/><div class=\"wp-block-cover__inner-container is-layout-flow wp-block-cover-is-layout-flow\">\n<p class=\"has-text-align-center has-large-font-size\"><a href=\"https:\/\/tillmenzer.de\/index.php\/spielen-meine-bands-seite\/isaac-vacuum\/\" data-type=\"page\" data-id=\"168\">Isaac Vacuum<\/a><\/p>\n<\/div><\/div>\n<\/div>\n\n\n\n<div class=\"wp-block-column is-layout-flow wp-block-column-is-layout-flow\">\n<div class=\"wp-block-cover aligncenter\"><span aria-hidden=\"true\" class=\"wp-block-cover__background has-background-dim\"><\/span><img loading=\"lazy\" decoding=\"async\" width=\"1024\" height=\"724\" class=\"wp-block-cover__image-background wp-image-58\" alt=\"\" src=\"https:\/\/tillmenzer.de\/wp-content\/uploads\/2021\/01\/Till-1024x724.jpg\" style=\"object-position:64% 74%\" data-object-fit=\"cover\" data-object-position=\"64% 74%\" srcset=\"https:\/\/tillmenzer.de\/wp-content\/uploads\/2021\/01\/Till-1024x724.jpg 1024w, https:\/\/tillmenzer.de\/wp-content\/uploads\/2021\/01\/Till-300x212.jpg 300w, https:\/\/tillmenzer.de\/wp-content\/uploads\/2021\/01\/Till-768x543.jpg 768w, https:\/\/tillmenzer.de\/wp-content\/uploads\/2021\/01\/Till-1536x1086.jpg 1536w, https:\/\/tillmenzer.de\/wp-content\/uploads\/2021\/01\/Till-2048x1448.jpg 2048w\" sizes=\"auto, (max-width: 1024px) 100vw, 1024px\" \/><div class=\"wp-block-cover__inner-container is-layout-flow wp-block-cover-is-layout-flow\">\n<p class=\"has-text-align-center has-large-font-size\"><a href=\"https:\/\/tillmenzer.de\/index.php\/spielen-meine-bands-seite\/mels-mammals\/\" data-type=\"page\" data-id=\"157\">Mel\u2019s Mammals<\/a><\/p>\n<\/div><\/div>\n<\/div>\n<\/div>\n\n\n\n<p class=\"has-yellow-background-color has-background\" style=\"font-size:1px\">&#8230;:..<\/p>\n\n\n\n<p class=\"has-text-align-center has-white-color has-text-color has-link-color has-normal-font-size wp-elements-54251065cb63bea85fca7e3504620c8a\"><br><strong>Kinder und Jugendtheater<\/strong><br> im <a href=\"https:\/\/www.kresch.de\/\">KRESCHtheater<\/a> Krefeld<br>Wilde Schw\u00e4ne, Konstantin im W\u00f6rterwald, Die Badewanne der Gef\u00fchle<br><br><br> <strong>Erwachsenentheater\/Musiktheater<\/strong><br><a href=\"https:\/\/theater-bielefeld.de\/veranstaltung\/die-optimistinnen.html\">Die Optimistinnen im Theater Bielefeld<\/a><br><br><br><strong>Kabarett\/Comedy<\/strong><br><a href=\"https:\/\/3koelscheinschuss.de\/\">3 K\u00f6lsch ein Schuss <\/a>(Susanne P\u00e4tzold, Franco Mehlis, Ax el Strohmeyer)<br><a href=\"http:\/\/mastersofimpro.com\/\">Masters of Impro<\/a> (Franz Mestre, Betty Laminga)<br>Multiple Choice mit <a href=\"https:\/\/susanne-paetzold.de\/\" data-type=\"link\" data-id=\"https:\/\/susanne-paetzold.de\/\">Susanne P\u00e4tzold<\/a><br><a href=\"https:\/\/www1.wdr.de\/fernsehen\/mitternachtsspitzen\/index.html\" data-type=\"link\" data-id=\"https:\/\/www1.wdr.de\/fernsehen\/mitternachtsspitzen\/index.html\">WDR Mitternachtsspitzen<\/a><\/p>\n\n\n\n<p class=\"has-yellow-background-color has-background\" style=\"font-size:1px\"> .. &#8222;,.<\/p>\n\n\n\n<p class=\"has-yellow-background-color has-background\" style=\"font-size:4px\"> ..<\/p>\n\n\n\n<div class=\"wp-block-columns is-layout-flex wp-container-core-columns-is-layout-9d6595d7 wp-block-columns-is-layout-flex\">\n<div class=\"wp-block-column is-layout-flow wp-block-column-is-layout-flow\">\n<div class=\"wp-block-columns is-layout-flex wp-container-core-columns-is-layout-9d6595d7 wp-block-columns-is-layout-flex\">\n<div class=\"wp-block-column is-layout-flow wp-block-column-is-layout-flow\"><div class=\"wp-block-image\">\n<figure class=\"aligncenter size-full\"><img loading=\"lazy\" decoding=\"async\" width=\"1024\" height=\"768\" src=\"https:\/\/tillmenzer.de\/wp-content\/uploads\/2024\/11\/Mitternachtsspitzen-.png\" alt=\"\" class=\"wp-image-433\" srcset=\"https:\/\/tillmenzer.de\/wp-content\/uploads\/2024\/11\/Mitternachtsspitzen-.png 1024w, https:\/\/tillmenzer.de\/wp-content\/uploads\/2024\/11\/Mitternachtsspitzen--300x225.png 300w, https:\/\/tillmenzer.de\/wp-content\/uploads\/2024\/11\/Mitternachtsspitzen--768x576.png 768w, https:\/\/tillmenzer.de\/wp-content\/uploads\/2024\/11\/Mitternachtsspitzen--124x93.png 124w\" sizes=\"auto, (max-width: 1024px) 100vw, 1024px\" \/><figcaption class=\"wp-element-caption\">Till und Tobi bei den Mitternachtsspitzen.<\/figcaption><\/figure>\n<\/div>\n\n\n<p><\/p>\n<\/div>\n<\/div>\n<\/div>\n\n\n\n<div class=\"wp-block-column is-layout-flow wp-block-column-is-layout-flow\">\n<div class=\"wp-block-columns is-layout-flex wp-container-core-columns-is-layout-9d6595d7 wp-block-columns-is-layout-flex\">\n<div class=\"wp-block-column is-layout-flow wp-block-column-is-layout-flow\" style=\"flex-basis:100%\">\n<figure class=\"wp-block-image size-large is-resized\"><img loading=\"lazy\" decoding=\"async\" width=\"768\" height=\"1024\" src=\"https:\/\/tillmenzer.de\/wp-content\/uploads\/2024\/11\/IMG_0074-768x1024.jpeg\" alt=\"\" class=\"wp-image-436\" style=\"width:290px;height:auto\" srcset=\"https:\/\/tillmenzer.de\/wp-content\/uploads\/2024\/11\/IMG_0074-768x1024.jpeg 768w, https:\/\/tillmenzer.de\/wp-content\/uploads\/2024\/11\/IMG_0074-225x300.jpeg 225w, https:\/\/tillmenzer.de\/wp-content\/uploads\/2024\/11\/IMG_0074.jpeg 960w\" sizes=\"auto, (max-width: 768px) 100vw, 768px\" \/><figcaption class=\"wp-element-caption\">Die Optimistinnen<\/figcaption><\/figure>\n<\/div>\n<\/div>\n<\/div>\n\n\n\n<div class=\"wp-block-column is-layout-flow wp-block-column-is-layout-flow\">\n<figure class=\"wp-block-image size-full is-resized\"><img loading=\"lazy\" decoding=\"async\" width=\"800\" height=\"478\" src=\"https:\/\/tillmenzer.de\/wp-content\/uploads\/2024\/11\/IMG_0073.jpeg\" alt=\"\" class=\"wp-image-434\" style=\"width:308px;height:auto\" srcset=\"https:\/\/tillmenzer.de\/wp-content\/uploads\/2024\/11\/IMG_0073.jpeg 800w, https:\/\/tillmenzer.de\/wp-content\/uploads\/2024\/11\/IMG_0073-300x179.jpeg 300w, https:\/\/tillmenzer.de\/wp-content\/uploads\/2024\/11\/IMG_0073-768x459.jpeg 768w\" sizes=\"auto, (max-width: 800px) 100vw, 800px\" \/><figcaption class=\"wp-element-caption\">Die Badewanne der Gef\u00fchle<\/figcaption><\/figure>\n<\/div>\n<\/div>\n\n\n\n<div class=\"wp-block-group has-yellow-background-color has-background\" style=\"font-size:0px\"><div class=\"wp-block-group__inner-container is-layout-constrained wp-block-group-is-layout-constrained\"><\/div><\/div>\n\n\n\n<p><\/p>\n","protected":false},"excerpt":{"rendered":"<p>&#8230;:..<\/p>\n<p class=\"more-link\"><a href=\"https:\/\/tillmenzer.de\/index.php\/spielen-meine-bands-seite\/\" class=\"readmore\">weiter<svg class=\"icon icon-arrow-right\" aria-hidden=\"true\" role=\"img\"> <use href=\"#icon-arrow-right\" xlink:href=\"#icon-arrow-right\"><\/use> <\/svg><span class=\"screen-reader-text\">Der Musiker.<\/span><\/a><\/p>\n","protected":false},"author":1,"featured_media":0,"parent":0,"menu_order":0,"comment_status":"closed","ping_status":"closed","template":"","meta":{"footnotes":""},"class_list":["post-2","page","type-page","status-publish","hentry"],"_links":{"self":[{"href":"https:\/\/tillmenzer.de\/index.php\/wp-json\/wp\/v2\/pages\/2","targetHints":{"allow":["GET"]}}],"collection":[{"href":"https:\/\/tillmenzer.de\/index.php\/wp-json\/wp\/v2\/pages"}],"about":[{"href":"https:\/\/tillmenzer.de\/index.php\/wp-json\/wp\/v2\/types\/page"}],"author":[{"embeddable":true,"href":"https:\/\/tillmenzer.de\/index.php\/wp-json\/wp\/v2\/users\/1"}],"replies":[{"embeddable":true,"href":"https:\/\/tillmenzer.de\/index.php\/wp-json\/wp\/v2\/comments?post=2"}],"version-history":[{"count":67,"href":"https:\/\/tillmenzer.de\/index.php\/wp-json\/wp\/v2\/pages\/2\/revisions"}],"predecessor-version":[{"id":450,"href":"https:\/\/tillmenzer.de\/index.php\/wp-json\/wp\/v2\/pages\/2\/revisions\/450"}],"wp:attachment":[{"href":"https:\/\/tillmenzer.de\/index.php\/wp-json\/wp\/v2\/media?parent=2"}],"curies":[{"name":"wp","href":"https:\/\/api.w.org\/{rel}","templated":true}]}}