{"id":183,"date":"2021-01-20T11:25:08","date_gmt":"2021-01-20T11:25:08","guid":{"rendered":"https:\/\/tillmenzer.de\/?page_id=183"},"modified":"2024-11-04T14:26:10","modified_gmt":"2024-11-04T14:26:10","slug":"der-lehrer","status":"publish","type":"page","link":"https:\/\/tillmenzer.de\/index.php\/spielen-meine-bands-seite\/starteseite\/der-lehrer\/","title":{"rendered":"Der Lehrer."},"content":{"rendered":"\n<p class=\"has-yellow-background-color has-background\" style=\"font-size:1px\"><\/p>\n\n\n\n<p>Jaja, der Till gibt auch Unterricht.<br>Live und in Farbe, aber auch am Computer.<br><br>Das macht er gut.<br>Vor allem weil er so ein Einf\u00fchlsamer und witziger Mensch ist. <br>Gerade mit den ganz Kleinen kommt er bestens klar und schafft es spielrisch konkrete Inhalte zu vermitteln und fr\u00fch mit wichtigen Themen, wie Koordination, Handsatz, allgemeiner Musikalit\u00e4t und Kreativit\u00e4t zu beginnen.<br><br>Ich unterrichte Drumset, Handdrumming, Community Music und coache auch gerne ganze Bands.<br><br>Wenn ihr was braucht, meldet Euch unter:<br><br>kotakt[at]tillmenzer.de<br><br><br><\/p>\n\n\n<div class=\"wp-block-image\">\n<figure class=\"aligncenter size-full is-resized\"><a href=\"https:\/\/www.jazzhausschule.de\/\"><img loading=\"lazy\" decoding=\"async\" width=\"2178\" height=\"1044\" src=\"https:\/\/tillmenzer.de\/wp-content\/uploads\/2024\/10\/IMG_0070.jpeg\" alt=\"\" class=\"wp-image-377\" style=\"width:368px;height:auto\" srcset=\"https:\/\/tillmenzer.de\/wp-content\/uploads\/2024\/10\/IMG_0070.jpeg 2178w, https:\/\/tillmenzer.de\/wp-content\/uploads\/2024\/10\/IMG_0070-300x144.jpeg 300w, https:\/\/tillmenzer.de\/wp-content\/uploads\/2024\/10\/IMG_0070-1024x491.jpeg 1024w, https:\/\/tillmenzer.de\/wp-content\/uploads\/2024\/10\/IMG_0070-768x368.jpeg 768w, https:\/\/tillmenzer.de\/wp-content\/uploads\/2024\/10\/IMG_0070-1536x736.jpeg 1536w, https:\/\/tillmenzer.de\/wp-content\/uploads\/2024\/10\/IMG_0070-2048x982.jpeg 2048w\" sizes=\"auto, (max-width: 2178px) 100vw, 2178px\" \/><\/a><figcaption class=\"wp-element-caption\">Derzeit unterrichte ich 1 Tag in der Woche an der freien Jazzhausschule in K\u00f6kn.<br>Feel free to come by!<\/figcaption><\/figure>\n<\/div>","protected":false},"excerpt":{"rendered":"<p>Jaja,<\/p>\n<p class=\"more-link\"><a href=\"https:\/\/tillmenzer.de\/index.php\/spielen-meine-bands-seite\/starteseite\/der-lehrer\/\" class=\"readmore\">weiter<svg class=\"icon icon-arrow-right\" aria-hidden=\"true\" role=\"img\"> <use href=\"#icon-arrow-right\" xlink:href=\"#icon-arrow-right\"><\/use> <\/svg><span class=\"screen-reader-text\">Der Lehrer.<\/span><\/a><\/p>\n","protected":false},"author":1,"featured_media":0,"parent":119,"menu_order":0,"comment_status":"closed","ping_status":"closed","template":"","meta":{"footnotes":""},"class_list":["post-183","page","type-page","status-publish","hentry"],"_links":{"self":[{"href":"https:\/\/tillmenzer.de\/index.php\/wp-json\/wp\/v2\/pages\/183","targetHints":{"allow":["GET"]}}],"collection":[{"href":"https:\/\/tillmenzer.de\/index.php\/wp-json\/wp\/v2\/pages"}],"about":[{"href":"https:\/\/tillmenzer.de\/index.php\/wp-json\/wp\/v2\/types\/page"}],"author":[{"embeddable":true,"href":"https:\/\/tillmenzer.de\/index.php\/wp-json\/wp\/v2\/users\/1"}],"replies":[{"embeddable":true,"href":"https:\/\/tillmenzer.de\/index.php\/wp-json\/wp\/v2\/comments?post=183"}],"version-history":[{"count":8,"href":"https:\/\/tillmenzer.de\/index.php\/wp-json\/wp\/v2\/pages\/183\/revisions"}],"predecessor-version":[{"id":453,"href":"https:\/\/tillmenzer.de\/index.php\/wp-json\/wp\/v2\/pages\/183\/revisions\/453"}],"up":[{"embeddable":true,"href":"https:\/\/tillmenzer.de\/index.php\/wp-json\/wp\/v2\/pages\/119"}],"wp:attachment":[{"href":"https:\/\/tillmenzer.de\/index.php\/wp-json\/wp\/v2\/media?parent=183"}],"curies":[{"name":"wp","href":"https:\/\/api.w.org\/{rel}","templated":true}]}}